{"id":4658,"date":"2024-06-11T18:54:26","date_gmt":"2024-06-11T18:54:26","guid":{"rendered":"https:\/\/growtharmy.it\/?page_id=4658"},"modified":"2024-07-15T11:57:36","modified_gmt":"2024-07-15T11:57:36","slug":"career-coaching-per-le-vendite-e-account-based-marketing-online-gratuito-con-coach-dedicato","status":"publish","type":"page","link":"https:\/\/growth-army.it\/?page_id=4658","title":{"rendered":"Vendite"},"content":{"rendered":"\t\t<div data-elementor-type=\"wp-page\" data-elementor-id=\"4658\" class=\"elementor elementor-4658\">\n\t\t\t\t<div class=\"elementor-element elementor-element-0685c68 e-flex e-con-boxed e-con e-parent\" data-id=\"0685c68\" data-element_type=\"container\">\n\t\t\t\t\t<div class=\"e-con-inner\">\n\t\t\t\t<div class=\"elementor-element elementor-element-c28621d elementor-widget elementor-widget-heading\" data-id=\"c28621d\" data-element_type=\"widget\" data-widget_type=\"heading.default\">\n\t\t\t\t<div class=\"elementor-widget-container\">\n\t\t\t<style>\/*! elementor - v3.21.0 - 26-05-2024 *\/\n.elementor-heading-title{padding:0;margin:0;line-height:1}.elementor-widget-heading .elementor-heading-title[class*=elementor-size-]>a{color:inherit;font-size:inherit;line-height:inherit}.elementor-widget-heading .elementor-heading-title.elementor-size-small{font-size:15px}.elementor-widget-heading .elementor-heading-title.elementor-size-medium{font-size:19px}.elementor-widget-heading .elementor-heading-title.elementor-size-large{font-size:29px}.elementor-widget-heading .elementor-heading-title.elementor-size-xl{font-size:39px}.elementor-widget-heading .elementor-heading-title.elementor-size-xxl{font-size:59px}<\/style><h3 class=\"elementor-heading-title elementor-size-default\">Pagina Career coaching per le Vendite E Account Based Marketing Online Gratuito Con Coach Dedicato<\/h3>\t\t<\/div>\n\t\t\t\t<\/div>\n\t\t\t\t\t<\/div>\n\t\t\t\t<\/div>\n\t\t<div class=\"elementor-element elementor-element-afb09b8 e-flex e-con-boxed e-con e-parent\" data-id=\"afb09b8\" data-element_type=\"container\">\n\t\t\t\t\t<div class=\"e-con-inner\">\n\t\t<div class=\"elementor-element elementor-element-1f218cf e-con-full e-flex e-con e-child\" data-id=\"1f218cf\" data-element_type=\"container\">\n\t\t\t\t<div class=\"elementor-element elementor-element-a1f807e elementor-widget elementor-widget-image\" data-id=\"a1f807e\" data-element_type=\"widget\" data-widget_type=\"image.default\">\n\t\t\t\t<div class=\"elementor-widget-container\">\n\t\t\t<style>\/*! elementor - v3.21.0 - 26-05-2024 *\/\n.elementor-widget-image{text-align:center}.elementor-widget-image a{display:inline-block}.elementor-widget-image a img[src$=\".svg\"]{width:48px}.elementor-widget-image img{vertical-align:middle;display:inline-block}<\/style>\t\t\t\t\t\t\t\t\t\t<img fetchpriority=\"high\" decoding=\"async\" width=\"1024\" height=\"724\" src=\"https:\/\/growth-army.it\/wp-content\/uploads\/2024\/06\/vendit_22.png\" class=\"attachment-large size-large wp-image-4714\" alt=\"\" srcset=\"https:\/\/growth-army.it\/wp-content\/uploads\/2024\/06\/vendit_22.png 1024w, https:\/\/growth-army.it\/wp-content\/uploads\/2024\/06\/vendit_22-300x212.png 300w, https:\/\/growth-army.it\/wp-content\/uploads\/2024\/06\/vendit_22-768x543.png 768w\" sizes=\"(max-width: 1024px) 100vw, 1024px\" \/>\t\t\t\t\t\t\t\t\t\t\t\t\t<\/div>\n\t\t\t\t<\/div>\n\t\t\t\t<\/div>\n\t\t<div class=\"elementor-element elementor-element-af36428 e-con-full e-flex e-con e-child\" data-id=\"af36428\" data-element_type=\"container\">\n\t\t\t\t<div class=\"elementor-element elementor-element-c138436 elementor-widget elementor-widget-text-editor\" data-id=\"c138436\" data-element_type=\"widget\" data-widget_type=\"text-editor.default\">\n\t\t\t\t<div class=\"elementor-widget-container\">\n\t\t\t<style>\/*! elementor - v3.21.0 - 26-05-2024 *\/\n.elementor-widget-text-editor.elementor-drop-cap-view-stacked .elementor-drop-cap{background-color:#69727d;color:#fff}.elementor-widget-text-editor.elementor-drop-cap-view-framed .elementor-drop-cap{color:#69727d;border:3px solid;background-color:transparent}.elementor-widget-text-editor:not(.elementor-drop-cap-view-default) .elementor-drop-cap{margin-top:8px}.elementor-widget-text-editor:not(.elementor-drop-cap-view-default) .elementor-drop-cap-letter{width:1em;height:1em}.elementor-widget-text-editor .elementor-drop-cap{float:left;text-align:center;line-height:1;font-size:50px}.elementor-widget-text-editor .elementor-drop-cap-letter{display:inline-block}<\/style>\t\t\t\t<p>In questo percorso di career coaching tecniche di vendita, psicologia e account based marketing retribuito familiarizzerai con l\u2019Account Based Marketing, una strategia che consiste nell\u2019individuare aziende target specifiche (account) e nel progettare attivit\u00e0 su misura, per attrarre le persone chiave al loro interno.<\/p><p>L\u2019Account Based Marketing si propone come anello di congiunzione tra il reparto marketing e quello commerciale: grazie all\u2019ABM si pu\u00f2 applicare la psicologia delle vendite nel marketing.<\/p><p>Nell\u2019approccio all\u2019ABM, ogni volta che si individua un potenziale cliente lo si considera come un individuo unico. Si sfruttano le potenzialit\u00e0 della psicologia delle vendite per realizzare campagne personalizzate e interagire con precisione.<\/p><p>Praticare il marketing basato sugli account porta a focalizzarsi su un pubblico selezionato di prospect altamente interessati, aumentando cos\u00ec le probabilit\u00e0 di convertirli in lead di valore. Ci\u00f2 si riflette positivamente sul ROI.<\/p>\t\t\t\t\t\t<\/div>\n\t\t\t\t<\/div>\n\t\t\t\t<\/div>\n\t\t\t\t\t<\/div>\n\t\t\t\t<\/div>\n\t\t<div class=\"elementor-element elementor-element-0539a58 e-flex e-con-boxed e-con e-parent\" data-id=\"0539a58\" data-element_type=\"container\">\n\t\t\t\t\t<div class=\"e-con-inner\">\n\t\t\t\t<div class=\"elementor-element elementor-element-7511bb0 elementor-view-default elementor-widget elementor-widget-icon\" data-id=\"7511bb0\" data-element_type=\"widget\" data-widget_type=\"icon.default\">\n\t\t\t\t<div class=\"elementor-widget-container\">\n\t\t\t\t\t<div class=\"elementor-icon-wrapper\">\n\t\t\t<div class=\"elementor-icon\">\n\t\t\t<svg aria-hidden=\"true\" class=\"e-font-icon-svg e-fas-minus\" viewBox=\"0 0 448 512\" xmlns=\"http:\/\/www.w3.org\/2000\/svg\"><path d=\"M416 208H32c-17.67 0-32 14.33-32 32v32c0 17.67 14.33 32 32 32h384c17.67 0 32-14.33 32-32v-32c0-17.67-14.33-32-32-32z\"><\/path><\/svg>\t\t\t<\/div>\n\t\t<\/div>\n\t\t\t\t<\/div>\n\t\t\t\t<\/div>\n\t\t\t\t<div class=\"elementor-element elementor-element-b78e664 elementor-widget elementor-widget-heading\" data-id=\"b78e664\" data-element_type=\"widget\" data-widget_type=\"heading.default\">\n\t\t\t\t<div class=\"elementor-widget-container\">\n\t\t\t<h4 class=\"elementor-heading-title elementor-size-default\">In Cosa Consiste Il Career Coaching Di Psicologia Delle Vendite E Account Based Marketing Online Retribuito<\/h4>\t\t<\/div>\n\t\t\t\t<\/div>\n\t\t\t\t<div class=\"elementor-element elementor-element-13d2510 elementor-widget elementor-widget-text-editor\" data-id=\"13d2510\" data-element_type=\"widget\" data-widget_type=\"text-editor.default\">\n\t\t\t\t<div class=\"elementor-widget-container\">\n\t\t\t\t\t\t\t<p>Per emergere davvero bisogna pur cominciare soprattutto dalle conoscenze e competenze pratiche per mettersi subito al lavoro.<\/p><p>I titoli di studio possono aiutarti per ottenere una posizione del genere, ma \u00e8 molto difficile in fase di colloquio essere presi seriamente in considerazione se non si posseggono competenze pratiche ed esperienza professionale. \u00c9 anche vero per\u00f2 che fare esperienza lavorativa proprio in quest\u2019ambito non \u00e8 facile.<\/p><p>Infatti avere l\u2019opportunit\u00e0 di frequentare un career coaching basato sulle vendite e sull\u2019ABM che ti dia la possibilit\u00e0 almeno di imparare \u00e8 un ottimo inizio.<\/p><p>Il costo della maggior parte dei career coaching disponibili in rete spesso non \u00e8 economico, molti giocano sul fatto che il supporto di un coach oggi vada pagato a peso d\u2019oro.<\/p><p>Per tutti questi motivi abbiamo deciso di realizzare un percorso di career coaching di psicologia delle vendite e Account Based marketing online completamente gratuito, per aiutare tutti coloro che aspirano a lavorare nel mondo del marketing e delle vendite a ottenere quel tassello mancante fondamentale per emergere rispetto agli altri candidati.<\/p><p>Il nostro percorso di career coaching si propone come un vero e proprio trampolino di lancio per coloro che aspirano a fare carriera nel mondo delle vendite e nel digital marketing. Grazie a un approccio pratico e orientato all\u2019esperienza, questo career coaching online retribuito con coach dedicato offre una panoramica completa e dettagliata di ci\u00f2 che significa lavorare nel settore delle vendite e marketing, toccando tutti gli aspetti fondamentali per una preparazione a 360 gradi.<\/p>\t\t\t\t\t\t<\/div>\n\t\t\t\t<\/div>\n\t\t\t\t\t<\/div>\n\t\t\t\t<\/div>\n\t\t<div class=\"elementor-element elementor-element-e70488c e-flex e-con-boxed e-con e-parent\" data-id=\"e70488c\" data-element_type=\"container\">\n\t\t\t\t\t<div class=\"e-con-inner\">\n\t\t<div class=\"elementor-element elementor-element-15950fd e-con-full e-flex e-con e-child\" data-id=\"15950fd\" data-element_type=\"container\">\n\t\t\t\t<div class=\"elementor-element elementor-element-f5a812b elementor-widget elementor-widget-heading\" data-id=\"f5a812b\" data-element_type=\"widget\" data-widget_type=\"heading.default\">\n\t\t\t\t<div class=\"elementor-widget-container\">\n\t\t\t<h4 class=\"elementor-heading-title elementor-size-default\">Moduli e contenuti del career coaching:<\/h4>\t\t<\/div>\n\t\t\t\t<\/div>\n\t\t\t\t<div class=\"elementor-element elementor-element-a49d525 elementor-icon-list--layout-traditional elementor-list-item-link-full_width elementor-widget elementor-widget-icon-list\" data-id=\"a49d525\" data-element_type=\"widget\" data-widget_type=\"icon-list.default\">\n\t\t\t\t<div class=\"elementor-widget-container\">\n\t\t\t<link rel=\"stylesheet\" href=\"https:\/\/growth-army.it\/wp-content\/plugins\/elementor\/assets\/css\/widget-icon-list.min.css\">\t\t<ul class=\"elementor-icon-list-items\">\n\t\t\t\t\t\t\t<li class=\"elementor-icon-list-item\">\n\t\t\t\t\t\t\t\t\t\t\t<span class=\"elementor-icon-list-icon\">\n\t\t\t\t\t\t\t<svg aria-hidden=\"true\" class=\"e-font-icon-svg e-fas-check\" viewBox=\"0 0 512 512\" xmlns=\"http:\/\/www.w3.org\/2000\/svg\"><path d=\"M173.898 439.404l-166.4-166.4c-9.997-9.997-9.997-26.206 0-36.204l36.203-36.204c9.997-9.998 26.207-9.998 36.204 0L192 312.69 432.095 72.596c9.997-9.997 26.207-9.997 36.204 0l36.203 36.204c9.997 9.997 9.997 26.206 0 36.204l-294.4 294.401c-9.998 9.997-26.207 9.997-36.204-.001z\"><\/path><\/svg>\t\t\t\t\t\t<\/span>\n\t\t\t\t\t\t\t\t\t\t<span class=\"elementor-icon-list-text\">Allineamento tra vendite & marketing: assicurarsi di lavorare insieme al raggiungimento di obiettivi comuni, nel rispetto di tempi, budget e responsabilit\u00e0 reciproche.<\/span>\n\t\t\t\t\t\t\t\t\t<\/li>\n\t\t\t\t\t\t\t\t<li class=\"elementor-icon-list-item\">\n\t\t\t\t\t\t\t\t\t\t\t<span class=\"elementor-icon-list-icon\">\n\t\t\t\t\t\t\t<svg aria-hidden=\"true\" class=\"e-font-icon-svg e-fas-check\" viewBox=\"0 0 512 512\" xmlns=\"http:\/\/www.w3.org\/2000\/svg\"><path d=\"M173.898 439.404l-166.4-166.4c-9.997-9.997-9.997-26.206 0-36.204l36.203-36.204c9.997-9.998 26.207-9.998 36.204 0L192 312.69 432.095 72.596c9.997-9.997 26.207-9.997 36.204 0l36.203 36.204c9.997 9.997 9.997 26.206 0 36.204l-294.4 294.401c-9.998 9.997-26.207 9.997-36.204-.001z\"><\/path><\/svg>\t\t\t\t\t\t<\/span>\n\t\t\t\t\t\t\t\t\t\t<span class=\"elementor-icon-list-text\">Identificazione del target: individuare le buyer personas nel B2B serve per capire le caratteristiche degli individui all\u2019interno di una specifica azienda.<\/span>\n\t\t\t\t\t\t\t\t\t<\/li>\n\t\t\t\t\t\t\t\t<li class=\"elementor-icon-list-item\">\n\t\t\t\t\t\t\t\t\t\t\t<span class=\"elementor-icon-list-icon\">\n\t\t\t\t\t\t\t<svg aria-hidden=\"true\" class=\"e-font-icon-svg e-fas-check\" viewBox=\"0 0 512 512\" xmlns=\"http:\/\/www.w3.org\/2000\/svg\"><path d=\"M173.898 439.404l-166.4-166.4c-9.997-9.997-9.997-26.206 0-36.204l36.203-36.204c9.997-9.998 26.207-9.998 36.204 0L192 312.69 432.095 72.596c9.997-9.997 26.207-9.997 36.204 0l36.203 36.204c9.997 9.997 9.997 26.206 0 36.204l-294.4 294.401c-9.998 9.997-26.207 9.997-36.204-.001z\"><\/path><\/svg>\t\t\t\t\t\t<\/span>\n\t\t\t\t\t\t\t\t\t\t<span class=\"elementor-icon-list-text\">Creazione dei contenuti e selezione dei canali: creare messaggi targettizzati e destinati per dei specifici canali di comunicazione che rispondano alle esigenze dei prospect durante tutte le fasi del loro percorso di acquisto.<\/span>\n\t\t\t\t\t\t\t\t\t<\/li>\n\t\t\t\t\t\t\t\t<li class=\"elementor-icon-list-item\">\n\t\t\t\t\t\t\t\t\t\t\t<span class=\"elementor-icon-list-icon\">\n\t\t\t\t\t\t\t<svg aria-hidden=\"true\" class=\"e-font-icon-svg e-fas-check\" viewBox=\"0 0 512 512\" xmlns=\"http:\/\/www.w3.org\/2000\/svg\"><path d=\"M173.898 439.404l-166.4-166.4c-9.997-9.997-9.997-26.206 0-36.204l36.203-36.204c9.997-9.998 26.207-9.998 36.204 0L192 312.69 432.095 72.596c9.997-9.997 26.207-9.997 36.204 0l36.203 36.204c9.997 9.997 9.997 26.206 0 36.204l-294.4 294.401c-9.998 9.997-26.207 9.997-36.204-.001z\"><\/path><\/svg>\t\t\t\t\t\t<\/span>\n\t\t\t\t\t\t\t\t\t\t<span class=\"elementor-icon-list-text\">Analisi dei dati e reportistica: capacit\u00e0 di analizzare i dati per valutare l'efficacia delle campagne e migliorare le future strategie.<\/span>\n\t\t\t\t\t\t\t\t\t<\/li>\n\t\t\t\t\t\t\t\t<li class=\"elementor-icon-list-item\">\n\t\t\t\t\t\t\t\t\t\t\t<span class=\"elementor-icon-list-icon\">\n\t\t\t\t\t\t\t<svg aria-hidden=\"true\" class=\"e-font-icon-svg e-fas-check\" viewBox=\"0 0 512 512\" xmlns=\"http:\/\/www.w3.org\/2000\/svg\"><path d=\"M173.898 439.404l-166.4-166.4c-9.997-9.997-9.997-26.206 0-36.204l36.203-36.204c9.997-9.998 26.207-9.998 36.204 0L192 312.69 432.095 72.596c9.997-9.997 26.207-9.997 36.204 0l36.203 36.204c9.997 9.997 9.997 26.206 0 36.204l-294.4 294.401c-9.998 9.997-26.207 9.997-36.204-.001z\"><\/path><\/svg>\t\t\t\t\t\t<\/span>\n\t\t\t\t\t\t\t\t\t\t<span class=\"elementor-icon-list-text\">Case studies e progetti pratici: lavorare su progetti reali per applicare quanto appreso e costruire un portfolio che dimostri le competenze acquisite.<\/span>\n\t\t\t\t\t\t\t\t\t<\/li>\n\t\t\t\t\t\t<\/ul>\n\t\t\t\t<\/div>\n\t\t\t\t<\/div>\n\t\t\t\t<\/div>\n\t\t<div class=\"elementor-element elementor-element-dc00138 e-con-full e-flex e-con e-child\" data-id=\"dc00138\" data-element_type=\"container\">\n\t\t\t\t<div class=\"elementor-element elementor-element-0635174 elementor-widget elementor-widget-image\" data-id=\"0635174\" data-element_type=\"widget\" data-widget_type=\"image.default\">\n\t\t\t\t<div class=\"elementor-widget-container\">\n\t\t\t\t\t\t\t\t\t\t\t\t\t<img decoding=\"async\" width=\"1024\" height=\"724\" src=\"https:\/\/growth-army.it\/wp-content\/uploads\/2024\/06\/vendita_00.png\" class=\"attachment-large size-large wp-image-4716\" alt=\"\" srcset=\"https:\/\/growth-army.it\/wp-content\/uploads\/2024\/06\/vendita_00.png 1024w, https:\/\/growth-army.it\/wp-content\/uploads\/2024\/06\/vendita_00-300x212.png 300w, https:\/\/growth-army.it\/wp-content\/uploads\/2024\/06\/vendita_00-768x543.png 768w\" sizes=\"(max-width: 1024px) 100vw, 1024px\" \/>\t\t\t\t\t\t\t\t\t\t\t\t\t<\/div>\n\t\t\t\t<\/div>\n\t\t\t\t<\/div>\n\t\t\t\t\t<\/div>\n\t\t\t\t<\/div>\n\t\t<div class=\"elementor-element elementor-element-cde0819 e-flex e-con-boxed e-con e-parent\" data-id=\"cde0819\" data-element_type=\"container\">\n\t\t\t\t\t<div class=\"e-con-inner\">\n\t\t\t\t<div class=\"elementor-element elementor-element-f4dc0c8 elementor-view-default elementor-widget elementor-widget-icon\" data-id=\"f4dc0c8\" data-element_type=\"widget\" data-widget_type=\"icon.default\">\n\t\t\t\t<div class=\"elementor-widget-container\">\n\t\t\t\t\t<div class=\"elementor-icon-wrapper\">\n\t\t\t<div class=\"elementor-icon\">\n\t\t\t<svg aria-hidden=\"true\" class=\"e-font-icon-svg e-fas-minus\" viewBox=\"0 0 448 512\" xmlns=\"http:\/\/www.w3.org\/2000\/svg\"><path d=\"M416 208H32c-17.67 0-32 14.33-32 32v32c0 17.67 14.33 32 32 32h384c17.67 0 32-14.33 32-32v-32c0-17.67-14.33-32-32-32z\"><\/path><\/svg>\t\t\t<\/div>\n\t\t<\/div>\n\t\t\t\t<\/div>\n\t\t\t\t<\/div>\n\t\t\t\t<div class=\"elementor-element elementor-element-07b48ac elementor-widget elementor-widget-heading\" data-id=\"07b48ac\" data-element_type=\"widget\" data-widget_type=\"heading.default\">\n\t\t\t\t<div class=\"elementor-widget-container\">\n\t\t\t<h4 class=\"elementor-heading-title elementor-size-default\">Perch\u00e9 Seguire Il Nostro Career Coaching Di Psicologia Delle Vendite E Account Based Marketing Online Retribuito<\/h4>\t\t<\/div>\n\t\t\t\t<\/div>\n\t\t\t\t<div class=\"elementor-element elementor-element-770ac99 elementor-widget elementor-widget-text-editor\" data-id=\"770ac99\" data-element_type=\"widget\" data-widget_type=\"text-editor.default\">\n\t\t\t\t<div class=\"elementor-widget-container\">\n\t\t\t\t\t\t\t<p>Come abbiamo visto, avere la possibilit\u00e0 di fare pratica e imparare concretamente a svolgere questo lavoro \u00e8 un\u2019opportunit\u00e0 che le aziende non forniscono, poich\u00e9 questo significa dover mettere a disposizione dei principianti il tempo e le energie di professionisti che li dovranno assistere durante il percorso.<\/p>\n<p>Abbiamo deciso di mettere a disposizione i nostri professionisti del digital marketing e della psicologia delle vendite per aiutarti a raggiungere i tuoi obiettivi con un career coaching di psicologia delle vendite e Account Based Marketing gratis online.<\/p>\n<p>Il coaching che riceverai sar\u00e0 unicamente orientato a renderti in grado di realizzare le migliori strategie di marketing in modo autonomo.<br>Oltre al ricco curriculum didattico, il career coaching di psicologia delle vendite e Account Based Marketing gratis online di Psychology4business si distingue per l\u2019attenzione dedicata a ciascun partecipante.<\/p>\n<p>Un coach dedicato sar\u00e0 a disposizione per guidarti attraverso lo sviluppo personale, rispondendo alle tue domande e fornirti feedback costruttivi sui tuoi progetti.<\/p>\t\t\t\t\t\t<\/div>\n\t\t\t\t<\/div>\n\t\t\t\t\t<\/div>\n\t\t\t\t<\/div>\n\t\t\t\t<\/div>\n\t\t","protected":false},"excerpt":{"rendered":"<p>Pagina Career coaching per le Vendite E Account Based Marketing Online Gratuito Con Coach Dedicato In questo percorso di career coaching tecniche di vendita, psicologia e account based marketing retribuito familiarizzerai con l\u2019Account Based Marketing, una strategia che consiste nell\u2019individuare aziende target specifiche (account) e nel progettare attivit\u00e0 su misura, per attrarre le persone chiave [&hellip;]<\/p>\n","protected":false},"author":2,"featured_media":0,"parent":0,"menu_order":0,"comment_status":"closed","ping_status":"closed","template":"","meta":{"footnotes":""},"class_list":["post-4658","page","type-page","status-publish","hentry"],"_links":{"self":[{"href":"https:\/\/growth-army.it\/index.php?rest_route=\/wp\/v2\/pages\/4658","targetHints":{"allow":["GET"]}}],"collection":[{"href":"https:\/\/growth-army.it\/index.php?rest_route=\/wp\/v2\/pages"}],"about":[{"href":"https:\/\/growth-army.it\/index.php?rest_route=\/wp\/v2\/types\/page"}],"author":[{"embeddable":true,"href":"https:\/\/growth-army.it\/index.php?rest_route=\/wp\/v2\/users\/2"}],"replies":[{"embeddable":true,"href":"https:\/\/growth-army.it\/index.php?rest_route=%2Fwp%2Fv2%2Fcomments&post=4658"}],"version-history":[{"count":29,"href":"https:\/\/growth-army.it\/index.php?rest_route=\/wp\/v2\/pages\/4658\/revisions"}],"predecessor-version":[{"id":4886,"href":"https:\/\/growth-army.it\/index.php?rest_route=\/wp\/v2\/pages\/4658\/revisions\/4886"}],"wp:attachment":[{"href":"https:\/\/growth-army.it\/index.php?rest_route=%2Fwp%2Fv2%2Fmedia&parent=4658"}],"curies":[{"name":"wp","href":"https:\/\/api.w.org\/{rel}","templated":true}]}}